{"id":1233,"date":"2024-04-08T06:52:20","date_gmt":"2024-04-08T06:52:20","guid":{"rendered":"https:\/\/markochmiljokontroll.se\/responsibility-of-the-developer\/"},"modified":"2024-05-02T14:13:22","modified_gmt":"2024-05-02T14:13:22","slug":"the-developers-resposibility","status":"publish","type":"page","link":"https:\/\/markochmiljokontroll.se\/en\/the-developers-resposibility\/","title":{"rendered":"The developer&#8217;s responsibility"},"content":{"rendered":"\t\t<div data-elementor-type=\"wp-page\" data-elementor-id=\"1233\" class=\"elementor elementor-1233 elementor-667\" data-elementor-post-type=\"page\">\n\t\t\t\t<div class=\"elementor-element elementor-element-66d731f3 e-flex e-con-boxed e-con e-parent\" data-id=\"66d731f3\" data-element_type=\"container\" data-settings=\"{&quot;background_background&quot;:&quot;classic&quot;}\">\n\t\t\t\t\t<div class=\"e-con-inner\">\n\t\t<div class=\"elementor-element elementor-element-63d036f6 e-con-full e-flex e-con e-child\" data-id=\"63d036f6\" data-element_type=\"container\">\n\t\t\t\t<div class=\"elementor-element elementor-element-3561e797 elementor-invisible elementor-widget elementor-widget-heading\" data-id=\"3561e797\" data-element_type=\"widget\" data-settings=\"{&quot;_animation&quot;:&quot;fadeIn&quot;}\" data-widget_type=\"heading.default\">\n\t\t\t\t\t<h2 class=\"elementor-heading-title elementor-size-default\">How do I meet the developer's responsibilities under the Planning and Building Act (2010:900) (PBL)?\n<\/h2>\t\t\t\t<\/div>\n\t\t\t\t<div class=\"elementor-element elementor-element-fe26d89 elementor-widget elementor-widget-text-editor\" data-id=\"fe26d89\" data-element_type=\"widget\" data-widget_type=\"text-editor.default\">\n\t\t\t\t\t\t\t\t\t<p>Under the PBL, the developer is strictly responsible for ensuring that any construction, demolition or land improvement work is carried out in accordance with the law or the regulations issued under the law. This means, among other things, that a building must be fit for its purpose and have the right technical characteristics, for example in terms of hygiene, health and environmental protection.<\/p>\n<p>At the technical consultation prior to the start of construction, the developer must describe in his inspection plan how the technical property requirements will be checked and documented. This must then be reported so that the final notice can be issued and the building can thus be put into use.<\/p>\n<p>In terms of health protection, indoor reference levels for radon are set at 200 becquerels per cubic meter of air and for gamma radiation from building materials at 1 millisievert annual effective dose. This mainly concerns construction products and building materials that include concrete with aggregates.<\/p>\n<p>According to Boverket, the properties of construction products can be assessed in different ways. The products can be:<\/p>\n<ul>\n<li>CE marked<\/li>\n<li>type-approved<\/li>\n<li>certified<\/li>\n<li>made by a certified factory<\/li>\n<\/ul>\n<p>For construction products with assessed characteristics, the developer does not need to perform his own testing of these characteristics.<\/p>\n<p>When it comes to hazardous substances (ionizing radiation, radon and gamma radiation), the characteristics of a construction product cannot be assessed by CE marking, type approval or manufactured by a certified factory. However, there is no harmonized standard for such assessment, which means that there is no basis for declarations of performance and that any such declarations are not valid. The only way for the developer to demonstrate the suitability of the chosen construction products and materials that include concrete with aggregates is to have them certified by an accredited certification body.<\/p>\n<p>Mark- och Milj\u00f6kontroll i S\u00e4r\u00f6 AB (MMK) is currently the country&#8217;s only accredited certification body for hazardous substances (ionizing radiation, radon and gamma radiation) in building products and for inspection of building products and building materials in finished buildings.<\/p>\n<p>We are happy to provide further information on this issue. If interested, please contact us.<\/p>\n<p>MMK is:<\/p>\n<ul>\n<li>Expert consultant for the International Atomic Energy Agency (IAEA)<\/li>\n<li>Expert consultant for the Swedish Standards Institute (SIS)<\/li>\n<li>Referral to the Swedish Radiation Safety Authority (SSM)<\/li>\n<li>Referral company to Boverket<\/li>\n<\/ul>\n\t\t\t\t\t\t\t\t<\/div>\n\t\t\t\t<\/div>\n\t\t<div class=\"elementor-element elementor-element-30dd68e2 e-con-full e-flex e-con e-child\" data-id=\"30dd68e2\" data-element_type=\"container\">\n\t\t\t\t<div class=\"elementor-element elementor-element-4e52fa74 elementor-widget elementor-widget-image\" data-id=\"4e52fa74\" data-element_type=\"widget\" data-widget_type=\"image.default\">\n\t\t\t\t\t\t\t\t\t\t\t\t\t\t\t<img fetchpriority=\"high\" decoding=\"async\" width=\"800\" height=\"491\" src=\"https:\/\/markochmiljokontroll.se\/wp-content\/uploads\/2024\/03\/mmk_tony-1024x629-1.jpg\" class=\"attachment-large size-large wp-image-200\" alt=\"\" srcset=\"https:\/\/markochmiljokontroll.se\/wp-content\/uploads\/2024\/03\/mmk_tony-1024x629-1.jpg 1024w, https:\/\/markochmiljokontroll.se\/wp-content\/uploads\/2024\/03\/mmk_tony-1024x629-1-300x184.jpg 300w, https:\/\/markochmiljokontroll.se\/wp-content\/uploads\/2024\/03\/mmk_tony-1024x629-1-768x472.jpg 768w\" sizes=\"(max-width: 800px) 100vw, 800px\" \/>\t\t\t\t\t\t\t\t\t\t\t\t\t\t\t<\/div>\n\t\t\t\t<\/div>\n\t\t\t\t\t<\/div>\n\t\t\t\t<\/div>\n\t\t\t\t<\/div>\n\t\t","protected":false},"excerpt":{"rendered":"<p>How do I meet the developer&#8217;s responsibilities under the Planning and Building Act (2010:900) (PBL)? Under the PBL, the developer is strictly responsible for ensuring that any construction, demolition or land improvement work is carried out in accordance with the law or the regulations issued under the law. This means, among other things, that a [&hellip;]<\/p>\n","protected":false},"author":1,"featured_media":1059,"parent":0,"menu_order":0,"comment_status":"closed","ping_status":"closed","template":"","meta":{"footnotes":""},"class_list":["post-1233","page","type-page","status-publish","has-post-thumbnail","hentry"],"_links":{"self":[{"href":"https:\/\/markochmiljokontroll.se\/en\/wp-json\/wp\/v2\/pages\/1233","targetHints":{"allow":["GET"]}}],"collection":[{"href":"https:\/\/markochmiljokontroll.se\/en\/wp-json\/wp\/v2\/pages"}],"about":[{"href":"https:\/\/markochmiljokontroll.se\/en\/wp-json\/wp\/v2\/types\/page"}],"author":[{"embeddable":true,"href":"https:\/\/markochmiljokontroll.se\/en\/wp-json\/wp\/v2\/users\/1"}],"replies":[{"embeddable":true,"href":"https:\/\/markochmiljokontroll.se\/en\/wp-json\/wp\/v2\/comments?post=1233"}],"version-history":[{"count":8,"href":"https:\/\/markochmiljokontroll.se\/en\/wp-json\/wp\/v2\/pages\/1233\/revisions"}],"predecessor-version":[{"id":1348,"href":"https:\/\/markochmiljokontroll.se\/en\/wp-json\/wp\/v2\/pages\/1233\/revisions\/1348"}],"wp:featuredmedia":[{"embeddable":true,"href":"https:\/\/markochmiljokontroll.se\/en\/wp-json\/wp\/v2\/media\/1059"}],"wp:attachment":[{"href":"https:\/\/markochmiljokontroll.se\/en\/wp-json\/wp\/v2\/media?parent=1233"}],"curies":[{"name":"wp","href":"https:\/\/api.w.org\/{rel}","templated":true}]}}